{"id":13227,"date":"2020-12-24T13:55:07","date_gmt":"2020-12-24T12:55:07","guid":{"rendered":"https:\/\/geroba.be\/product\/borderbak-aluminium-vierkant\/"},"modified":"2023-07-11T08:24:20","modified_gmt":"2023-07-11T06:24:20","slug":"borderbak-aluminium-vierkant","status":"publish","type":"product","link":"https:\/\/geroba.be\/de\/produkt\/borderbak-aluminium-vierkant\/","title":{"rendered":"Borda Quadrus Hochbeete"},"content":{"rendered":"<div class=\"product-group-short-description\">\n<p>BORDA Quadrus ist eine Serie pulverbeschichteter Aluminium Hochbeete. Sie sind in verschiedenen Gr\u00f6\u00dfen erh\u00e4ltlich und haben keinen Boden.<\/p>\n<p>Erh\u00e4ltlich in RAL-Farbton nach Wahl.<\/p>\n<p>Sie k\u00f6nnen die Hochbeete auch in anderen Wunschma\u00dfen erhalten. Nehmen Sie hierzu <a href=\"https:\/\/geroba.be\/de\/kontakt\/\">Kontakt<\/a> auf!<\/p>\n<\/div>\n","protected":false},"excerpt":{"rendered":"<p>BORDA Quadrus ist eine Serie pulverbeschichteter Aluminium Hochbeete. Sie sind in verschiedenen Gr\u00f6\u00dfen erh\u00e4ltlich und haben keinen Boden. Erh\u00e4ltlich in RAL-Farbton nach Wahl. Sie k\u00f6nnen die Hochbeete auch in anderen Wunschma\u00dfen erhalten. Nehmen Sie hierzu Kontakt auf!<\/p>\n","protected":false},"featured_media":12766,"template":"","meta":{"_acf_changed":false},"product_cat":[2199],"product_tag":[],"class_list":{"0":"post-13227","1":"product","2":"type-product","3":"status-publish","4":"has-post-thumbnail","6":"product_cat-hochbeete","8":"first","9":"onbackorder","10":"taxable","11":"shipping-taxable","12":"purchasable","13":"product-type-variable"},"acf":[],"_links":{"self":[{"href":"https:\/\/geroba.be\/de\/wp-json\/wp\/v2\/product\/13227","targetHints":{"allow":["GET"]}}],"collection":[{"href":"https:\/\/geroba.be\/de\/wp-json\/wp\/v2\/product"}],"about":[{"href":"https:\/\/geroba.be\/de\/wp-json\/wp\/v2\/types\/product"}],"wp:featuredmedia":[{"embeddable":true,"href":"https:\/\/geroba.be\/de\/wp-json\/wp\/v2\/media\/12766"}],"wp:attachment":[{"href":"https:\/\/geroba.be\/de\/wp-json\/wp\/v2\/media?parent=13227"}],"wp:term":[{"taxonomy":"product_cat","embeddable":true,"href":"https:\/\/geroba.be\/de\/wp-json\/wp\/v2\/product_cat?post=13227"},{"taxonomy":"product_tag","embeddable":true,"href":"https:\/\/geroba.be\/de\/wp-json\/wp\/v2\/product_tag?post=13227"}],"curies":[{"name":"wp","href":"https:\/\/api.w.org\/{rel}","templated":true}]}}