{"id":14078,"date":"2020-06-08T15:39:31","date_gmt":"2020-06-08T13:39:31","guid":{"rendered":"https:\/\/geroba.be\/product\/taula-artesa-aluminium-watertafel\/"},"modified":"2023-07-11T08:24:18","modified_gmt":"2023-07-11T06:24:18","slug":"taula-artesa-aluminium-watertafel","status":"publish","type":"product","link":"https:\/\/geroba.be\/de\/produkt\/taula-artesa-aluminium-watertafel\/","title":{"rendered":"Taula Artesa Aluminium Wassertisch"},"content":{"rendered":"<p>Die TAULA Wassertische sind in verschiedenen Ausf\u00fchrungen erh\u00e4ltlich. Sie werden inklusive inklusive Pumpe und LED-Font\u00e4nen.<\/p>\n","protected":false},"excerpt":{"rendered":"<p>Die TAULA Wassertische sind in verschiedenen Ausf\u00fchrungen erh\u00e4ltlich. Sie werden inklusive inklusive Pumpe und LED-Font\u00e4nen.<\/p>\n","protected":false},"featured_media":22910,"template":"","meta":{"_acf_changed":false},"product_cat":[1606],"product_tag":[],"class_list":{"0":"post-14078","1":"product","2":"type-product","3":"status-publish","4":"has-post-thumbnail","6":"product_cat-wasserelemente-aiqua-de","8":"first","9":"onbackorder","10":"taxable","11":"shipping-taxable","12":"purchasable","13":"product-type-variable"},"acf":[],"_links":{"self":[{"href":"https:\/\/geroba.be\/de\/wp-json\/wp\/v2\/product\/14078","targetHints":{"allow":["GET"]}}],"collection":[{"href":"https:\/\/geroba.be\/de\/wp-json\/wp\/v2\/product"}],"about":[{"href":"https:\/\/geroba.be\/de\/wp-json\/wp\/v2\/types\/product"}],"wp:featuredmedia":[{"embeddable":true,"href":"https:\/\/geroba.be\/de\/wp-json\/wp\/v2\/media\/22910"}],"wp:attachment":[{"href":"https:\/\/geroba.be\/de\/wp-json\/wp\/v2\/media?parent=14078"}],"wp:term":[{"taxonomy":"product_cat","embeddable":true,"href":"https:\/\/geroba.be\/de\/wp-json\/wp\/v2\/product_cat?post=14078"},{"taxonomy":"product_tag","embeddable":true,"href":"https:\/\/geroba.be\/de\/wp-json\/wp\/v2\/product_tag?post=14078"}],"curies":[{"name":"wp","href":"https:\/\/api.w.org\/{rel}","templated":true}]}}