{"id":14173,"date":"2020-05-11T09:55:10","date_gmt":"2020-05-11T07:55:10","guid":{"rendered":"https:\/\/geroba.be\/product\/estani-cortenstaal-vijvers\/"},"modified":"2023-07-11T08:24:24","modified_gmt":"2023-07-11T06:24:24","slug":"estani-cortenstaal-vijvers","status":"publish","type":"product","link":"https:\/\/geroba.be\/de\/produkt\/estani-cortenstaal-vijvers\/","title":{"rendered":"Estani Cortenstahl Teiche"},"content":{"rendered":"<p>Wasser sorgt in jedem Garten f\u00fcr eine extra Dimension. Unsere Cortenstahl Teiche passen sowohl in moderne, als auch in klassische G\u00e4rten. Sie sind in verschiedenen Ausf\u00fchrungen erh\u00e4ltlich. Rechteckig oder rund. Auch ma\u00dfgefertigte Objekte z\u00e4hlen zu den M\u00f6glichkeiten.<\/p>\n<p>Siek\u00f6nnen mit Wasserfallelementen erg\u00e4nzt werden. Der Wasserfall kann <a href=\"https:\/\/geroba.be\/product\/cascadi-cortenstaal-watervalelement\/\">neben<\/a> oder <a href=\"https:\/\/geroba.be\/product\/cascadi-cortenstaal-watervalelement-op-vijver\/\">auf dem Teich<\/a> angebracht werden.<\/p>\n<p>&nbsp;<\/p>\n","protected":false},"excerpt":{"rendered":"<p>Wasser sorgt in jedem Garten f\u00fcr eine extra Dimension. Unsere Cortenstahl Teiche passen sowohl in moderne, als auch in klassische G\u00e4rten. Sie sind in verschiedenen Ausf\u00fchrungen erh\u00e4ltlich. Rechteckig oder rund. Auch ma\u00dfgefertigte Objekte z\u00e4hlen zu den M\u00f6glichkeiten. Siek\u00f6nnen mit Wasserfallelementen erg\u00e4nzt werden. Der Wasserfall kann neben oder auf dem Teich angebracht werden. &nbsp;<\/p>\n","protected":false},"featured_media":9685,"template":"","meta":{"_acf_changed":false},"product_cat":[1606],"product_tag":[],"class_list":{"0":"post-14173","1":"product","2":"type-product","3":"status-publish","4":"has-post-thumbnail","6":"product_cat-wasserelemente-aiqua-de","8":"first","9":"instock","10":"taxable","11":"shipping-taxable","12":"purchasable","13":"product-type-variable"},"acf":[],"_links":{"self":[{"href":"https:\/\/geroba.be\/de\/wp-json\/wp\/v2\/product\/14173","targetHints":{"allow":["GET"]}}],"collection":[{"href":"https:\/\/geroba.be\/de\/wp-json\/wp\/v2\/product"}],"about":[{"href":"https:\/\/geroba.be\/de\/wp-json\/wp\/v2\/types\/product"}],"wp:featuredmedia":[{"embeddable":true,"href":"https:\/\/geroba.be\/de\/wp-json\/wp\/v2\/media\/9685"}],"wp:attachment":[{"href":"https:\/\/geroba.be\/de\/wp-json\/wp\/v2\/media?parent=14173"}],"wp:term":[{"taxonomy":"product_cat","embeddable":true,"href":"https:\/\/geroba.be\/de\/wp-json\/wp\/v2\/product_cat?post=14173"},{"taxonomy":"product_tag","embeddable":true,"href":"https:\/\/geroba.be\/de\/wp-json\/wp\/v2\/product_tag?post=14173"}],"curies":[{"name":"wp","href":"https:\/\/api.w.org\/{rel}","templated":true}]}}