{"id":10040,"date":"2020-05-11T09:55:07","date_gmt":"2020-05-11T07:55:07","guid":{"rendered":"https:\/\/geroba.be\/product\/escale-trappen\/"},"modified":"2023-07-11T08:24:32","modified_gmt":"2023-07-11T06:24:32","slug":"escale-escaliers","status":"publish","type":"product","link":"https:\/\/geroba.be\/fr\/produit\/escale-escaliers\/","title":{"rendered":"Escale Escaliers"},"content":{"rendered":"<p>Avec les marches en acier Corten, vous pouvez surmonter les diff\u00e9rences de niveau dans votre jardin d&#8217;une belle mani\u00e8re. Standard disponible en diff\u00e9rentes tailles et de 2 \u00e0 10 marches de hauteur.<\/p>\n<p>L&#8217;assemblage est tr\u00e8s simple. Les boulons sont inclus dans la livraison.<\/p>\n","protected":false},"excerpt":{"rendered":"<p>Avec les marches en acier Corten, vous pouvez surmonter les diff\u00e9rences de niveau dans votre jardin d&#8217;une belle mani\u00e8re. Standard disponible en diff\u00e9rentes tailles et de 2 \u00e0 10 marches de hauteur. L&#8217;assemblage est tr\u00e8s simple. Les boulons sont inclus dans la livraison.<\/p>\n","protected":false},"featured_media":5084,"template":"","meta":{"_acf_changed":false},"product_cat":[710],"product_tag":[],"class_list":{"0":"post-10040","1":"product","2":"type-product","3":"status-publish","4":"has-post-thumbnail","6":"product_cat-escaliers-fr-2","8":"first","9":"instock","10":"taxable","11":"shipping-taxable","12":"purchasable","13":"product-type-variable"},"acf":[],"_links":{"self":[{"href":"https:\/\/geroba.be\/fr\/wp-json\/wp\/v2\/product\/10040","targetHints":{"allow":["GET"]}}],"collection":[{"href":"https:\/\/geroba.be\/fr\/wp-json\/wp\/v2\/product"}],"about":[{"href":"https:\/\/geroba.be\/fr\/wp-json\/wp\/v2\/types\/product"}],"wp:featuredmedia":[{"embeddable":true,"href":"https:\/\/geroba.be\/fr\/wp-json\/wp\/v2\/media\/5084"}],"wp:attachment":[{"href":"https:\/\/geroba.be\/fr\/wp-json\/wp\/v2\/media?parent=10040"}],"wp:term":[{"taxonomy":"product_cat","embeddable":true,"href":"https:\/\/geroba.be\/fr\/wp-json\/wp\/v2\/product_cat?post=10040"},{"taxonomy":"product_tag","embeddable":true,"href":"https:\/\/geroba.be\/fr\/wp-json\/wp\/v2\/product_tag?post=10040"}],"curies":[{"name":"wp","href":"https:\/\/api.w.org\/{rel}","templated":true}]}}