{"id":14262,"date":"2020-05-11T09:55:08","date_gmt":"2020-05-11T07:55:08","guid":{"rendered":"https:\/\/geroba.be\/product\/oskol-vuurschaal\/"},"modified":"2023-07-11T08:24:26","modified_gmt":"2023-07-11T06:24:26","slug":"oskol-brasero","status":"publish","type":"product","link":"https:\/\/geroba.be\/fr\/produit\/oskol-brasero\/","title":{"rendered":"Oskol Bras\u00e9ros"},"content":{"rendered":"<p>Les Bras\u00e9ros OSKOL rassemblent les gens et cr\u00e9ent une atmosph\u00e8re chaleureuse dans n&#8217;importe quel jardin.<\/p>\n","protected":false},"excerpt":{"rendered":"<p>Les Bras\u00e9ros OSKOL rassemblent les gens et cr\u00e9ent une atmosph\u00e8re chaleureuse dans n&#8217;importe quel jardin.<\/p>\n","protected":false},"featured_media":5072,"template":"","meta":{"_acf_changed":false},"product_cat":[698],"product_tag":[],"class_list":{"0":"post-14262","1":"product","2":"type-product","3":"status-publish","4":"has-post-thumbnail","6":"product_cat-elementsafeu-fuego-fr-2","8":"first","9":"onbackorder","10":"taxable","11":"shipping-taxable","12":"purchasable","13":"product-type-variable"},"acf":[],"_links":{"self":[{"href":"https:\/\/geroba.be\/fr\/wp-json\/wp\/v2\/product\/14262","targetHints":{"allow":["GET"]}}],"collection":[{"href":"https:\/\/geroba.be\/fr\/wp-json\/wp\/v2\/product"}],"about":[{"href":"https:\/\/geroba.be\/fr\/wp-json\/wp\/v2\/types\/product"}],"wp:featuredmedia":[{"embeddable":true,"href":"https:\/\/geroba.be\/fr\/wp-json\/wp\/v2\/media\/5072"}],"wp:attachment":[{"href":"https:\/\/geroba.be\/fr\/wp-json\/wp\/v2\/media?parent=14262"}],"wp:term":[{"taxonomy":"product_cat","embeddable":true,"href":"https:\/\/geroba.be\/fr\/wp-json\/wp\/v2\/product_cat?post=14262"},{"taxonomy":"product_tag","embeddable":true,"href":"https:\/\/geroba.be\/fr\/wp-json\/wp\/v2\/product_tag?post=14262"}],"curies":[{"name":"wp","href":"https:\/\/api.w.org\/{rel}","templated":true}]}}