{"id":57071,"date":"2024-02-12T14:18:52","date_gmt":"2024-02-12T13:18:52","guid":{"rendered":"https:\/\/geroba.be\/?post_type=product&#038;p=57071"},"modified":"2024-02-21T09:52:28","modified_gmt":"2024-02-21T08:52:28","slug":"boites-aux-lettres-acier-corten-kopie-kopie-2","status":"publish","type":"product","link":"https:\/\/geroba.be\/fr\/produit\/boites-aux-lettres-acier-corten-kopie-kopie-2\/","title":{"rendered":"Bo\u00eetes aux Lettres Acier Corten (kopie) (kopie)"},"content":{"rendered":"<p>D\u00e9couvrez la SEINA : une bo\u00eete aux lettres murale moderne de Geroba<\/p>\n<p>Vous recherchez une solution \u00e9l\u00e9gante et durable pour votre courrier ? La bo\u00eete aux lettres SEINA allie un design intemporel \u00e0 la compacit\u00e9 d&#8217;une bo\u00eete aux lettres murale, ce qui en fait un compl\u00e9ment parfait \u00e0 toute fa\u00e7ade moderne ou classique.<\/p>\n<p>Choisissez entre l&#8217;aspect chaleureux et naturel de l&#8217;acier Corten ou l&#8217;\u00e9l\u00e9gance intemporelle de la finition m\u00e9tal noir (RAL 9005).<\/p>\n<p>La variante en acier Corten du SEINA a \u00e9t\u00e9 soigneusement pr\u00e9-rouill\u00e9e et recouverte d&#8217;une couche de vernis. Ce traitement garantit que la bo\u00eete aux lettres ne laisse pas de taches de rouille, ce qui est id\u00e9al lorsqu&#8217;elle est plac\u00e9e sur des fa\u00e7ades blanches ou de couleur claire.<\/p>\n","protected":false},"excerpt":{"rendered":"<p><br data-mce-bogus=\"1\"><\/p>\n","protected":false},"featured_media":59483,"template":"","meta":{"_acf_changed":false},"product_cat":[681],"product_tag":[],"class_list":{"0":"post-57071","1":"product","2":"type-product","3":"status-publish","4":"has-post-thumbnail","6":"product_cat-boitesauxlettres-fr","8":"first","9":"instock","10":"taxable","11":"shipping-taxable","12":"purchasable","13":"product-type-variable"},"acf":[],"_links":{"self":[{"href":"https:\/\/geroba.be\/fr\/wp-json\/wp\/v2\/product\/57071","targetHints":{"allow":["GET"]}}],"collection":[{"href":"https:\/\/geroba.be\/fr\/wp-json\/wp\/v2\/product"}],"about":[{"href":"https:\/\/geroba.be\/fr\/wp-json\/wp\/v2\/types\/product"}],"wp:featuredmedia":[{"embeddable":true,"href":"https:\/\/geroba.be\/fr\/wp-json\/wp\/v2\/media\/59483"}],"wp:attachment":[{"href":"https:\/\/geroba.be\/fr\/wp-json\/wp\/v2\/media?parent=57071"}],"wp:term":[{"taxonomy":"product_cat","embeddable":true,"href":"https:\/\/geroba.be\/fr\/wp-json\/wp\/v2\/product_cat?post=57071"},{"taxonomy":"product_tag","embeddable":true,"href":"https:\/\/geroba.be\/fr\/wp-json\/wp\/v2\/product_tag?post=57071"}],"curies":[{"name":"wp","href":"https:\/\/api.w.org\/{rel}","templated":true}]}}