{"id":59776,"date":"2025-02-03T15:43:53","date_gmt":"2025-02-03T14:43:56","guid":{"rendered":"https:\/\/geroba.be\/?post_type=product&#038;p=59776"},"modified":"2025-05-08T15:35:42","modified_gmt":"2025-05-08T13:35:42","slug":"jardinieres-verta-avec-cadre-descalade","status":"publish","type":"product","link":"https:\/\/geroba.be\/fr\/produit\/jardinieres-verta-avec-cadre-descalade\/","title":{"rendered":"Jardini\u00e8res Verta avec cadre d&#8217;escalade"},"content":{"rendered":"<p>Les jardini\u00e8res en acier corten avec filet grimpant Verta sont disponibles en plusieurs dimensions standard.<\/p>\n<h2>Pourquoi choisir une jardini\u00e8re Verta en acier corten avec filet grimpant ?<\/h2>\n<p>Les jardini\u00e8res Verta sont soud\u00e9es de mani\u00e8re experte \u00e0 partir de feuilles d&#8217;acier Corten de 2 mm d&#8217;\u00e9paisseur. Elles sont dot\u00e9es d&#8217;une base avec trous de drainage et reposent sur des pieds de 15 mm. Le bord sup\u00e9rieur est rabattu de 50 mm pour une plus grande solidit\u00e9 et une finition soign\u00e9e. Des manchons de renforcement sont soud\u00e9s \u00e0 l&#8217;int\u00e9rieur pour une meilleure stabilit\u00e9. Chaque Verta est livr\u00e9 de s\u00e9rie avec un filet \u00e0 grimper robuste de 50 \u00d7 50 mm, id\u00e9al pour les plantes grimpantes telles que la cl\u00e9matite, le ch\u00e8vrefeuille ou la passiflore. Cette combinaison fait du Verta un mur v\u00e9g\u00e9tal, une cl\u00f4ture de jardin ou un brise-vue naturel.<\/p>\n<p>Ces mod\u00e8les sont disponibles en stock.<\/p>\n<p>Vous cherchez une jardini\u00e8re avec filet grimpant dans une autre taille ou un design sp\u00e9cifique ? <a href=\"https:\/\/geroba.be\/fr\/offerte\/\">N&#8217;h\u00e9sitez pas \u00e0 nous contacter pour un devis personnalis\u00e9.<\/a><\/p>\n","protected":false},"excerpt":{"rendered":"<p>Les jardini\u00e8res en acier corten avec filet grimpant Verta sont disponibles en plusieurs dimensions standard. Pourquoi choisir une jardini\u00e8re Verta en acier corten avec filet grimpant ? Les jardini\u00e8res Verta sont soud\u00e9es de mani\u00e8re experte \u00e0 partir de feuilles d&#8217;acier Corten de 2 mm d&#8217;\u00e9paisseur. Elles sont dot\u00e9es d&#8217;une base avec trous de drainage et [&hellip;]<\/p>\n","protected":false},"featured_media":60264,"template":"","meta":{"_acf_changed":false},"product_cat":[791,755],"product_tag":[],"class_list":{"0":"post-59776","1":"product","2":"type-product","3":"status-publish","4":"has-post-thumbnail","6":"product_cat-jardinieres-acier-corten","7":"product_cat-bacsafleurs-fr-2","9":"first","10":"instock","11":"taxable","12":"shipping-taxable","13":"purchasable","14":"product-type-variable","15":"has-default-attributes"},"acf":[],"_links":{"self":[{"href":"https:\/\/geroba.be\/fr\/wp-json\/wp\/v2\/product\/59776","targetHints":{"allow":["GET"]}}],"collection":[{"href":"https:\/\/geroba.be\/fr\/wp-json\/wp\/v2\/product"}],"about":[{"href":"https:\/\/geroba.be\/fr\/wp-json\/wp\/v2\/types\/product"}],"wp:featuredmedia":[{"embeddable":true,"href":"https:\/\/geroba.be\/fr\/wp-json\/wp\/v2\/media\/60264"}],"wp:attachment":[{"href":"https:\/\/geroba.be\/fr\/wp-json\/wp\/v2\/media?parent=59776"}],"wp:term":[{"taxonomy":"product_cat","embeddable":true,"href":"https:\/\/geroba.be\/fr\/wp-json\/wp\/v2\/product_cat?post=59776"},{"taxonomy":"product_tag","embeddable":true,"href":"https:\/\/geroba.be\/fr\/wp-json\/wp\/v2\/product_tag?post=59776"}],"curies":[{"name":"wp","href":"https:\/\/api.w.org\/{rel}","templated":true}]}}